{"id":111019,"date":"2019-02-25T22:20:19","date_gmt":"2019-02-25T21:20:19","guid":{"rendered":"https:\/\/www.chateaulasable.com\/mentions-legales\/"},"modified":"2022-08-02T17:56:48","modified_gmt":"2022-08-02T15:56:48","slug":"legal","status":"publish","type":"page","link":"https:\/\/www.chateaulasable.com\/en\/legal\/","title":{"rendered":"Legal"},"content":{"rendered":"<div class=\"wpb-content-wrapper\"><p>[vc_row row_height_percent=&#8221;0&#8243; override_padding=&#8221;yes&#8221; h_padding=&#8221;5&#8243; top_padding=&#8221;3&#8243; bottom_padding=&#8221;3&#8243; overlay_alpha=&#8221;50&#8243; gutter_size=&#8221;3&#8243; column_width_percent=&#8221;100&#8243; shift_y=&#8221;0&#8243; z_index=&#8221;0&#8243; uncode_shortcode_id=&#8221;618051&#8243;][vc_column column_width_percent=&#8221;100&#8243; gutter_size=&#8221;3&#8243; overlay_alpha=&#8221;50&#8243; shift_x=&#8221;0&#8243; shift_y=&#8221;0&#8243; shift_y_down=&#8221;0&#8243; z_index=&#8221;0&#8243; medium_width=&#8221;0&#8243; mobile_width=&#8221;0&#8243; uncode_shortcode_id=&#8221;184189&#8243;][vc_custom_heading text_color=&#8221;color-210407&#8243; text_font=&#8221;font-555555&#8243; separator=&#8221;yes&#8221; separator_color=&#8221;yes&#8221; uncode_shortcode_id=&#8221;381497&#8243; text_color_type=&#8221;uncode-palette&#8221;]Legal[\/vc_custom_heading][vc_custom_heading text_color=&#8221;color-172254&#8243; heading_semantic=&#8221;h3&#8243; text_font=&#8221;font-555555&#8243; text_size=&#8221;h3&#8243; uncode_shortcode_id=&#8221;209602&#8243; text_color_type=&#8221;uncode-palette&#8221;]Contact[\/vc_custom_heading][vc_column_text uncode_shortcode_id=&#8221;149863&#8243;]<strong>Ch\u00e2teau La Sable<\/strong><br \/>\nAdress : 2944 A Route de Lourmarin<br \/>\nZip Code : 84160<br \/>\nCity : Cucuron<br \/>\nCountry : France<br \/>\nPhone number : + 33 (0)6 95 25 79 98<br \/>\nEmail :<br \/>\nURL : https:\/\/www.chateaulasable.com\/[\/vc_column_text][vc_custom_heading text_color=&#8221;color-172254&#8243; heading_semantic=&#8221;h3&#8243; text_font=&#8221;font-555555&#8243; text_size=&#8221;h3&#8243; uncode_shortcode_id=&#8221;178479&#8243; text_color_type=&#8221;uncode-palette&#8221;]Hosting company[\/vc_custom_heading][vc_column_text uncode_shortcode_id=&#8221;625199&#8243;]Infomaniaks[\/vc_column_text][vc_custom_heading text_color=&#8221;color-172254&#8243; heading_semantic=&#8221;h3&#8243; text_font=&#8221;font-555555&#8243; text_size=&#8221;h3&#8243; uncode_shortcode_id=&#8221;121639&#8243; text_color_type=&#8221;uncode-palette&#8221;]Intellectual Property Rights[\/vc_custom_heading][vc_column_text uncode_shortcode_id=&#8221;570505&#8243;]The website, its structureas all text and\/or image content are the property of Ch\u00e2teau La Sable. Any total or partial representation of this site by any process whatsoever, without the express permission of the operator of the website is prohibited and would constitute an infringement punishable by articles L 335-2 and following of the Code of Intellectual Property[\/vc_column_text][\/vc_column][\/vc_row]<\/p>\n<\/div>","protected":false},"excerpt":{"rendered":"<p>[vc_row row_height_percent=&#8221;0&#8243; override_padding=&#8221;yes&#8221; h_padding=&#8221;5&#8243; top_padding=&#8221;3&#8243; bottom_padding=&#8221;3&#8243; overlay_alpha=&#8221;50&#8243; gutter_size=&#8221;3&#8243; column_width_percent=&#8221;100&#8243; shift_y=&#8221;0&#8243; z_index=&#8221;0&#8243; uncode_shortcode_id=&#8221;618051&#8243;][vc_column column_width_percent=&#8221;100&#8243; gutter_size=&#8221;3&#8243; overlay_alpha=&#8221;50&#8243; shift_x=&#8221;0&#8243; shift_y=&#8221;0&#8243; shift_y_down=&#8221;0&#8243; z_index=&#8221;0&#8243; medium_width=&#8221;0&#8243; [&hellip;]<\/p>\n","protected":false},"author":1,"featured_media":0,"parent":0,"menu_order":0,"comment_status":"closed","ping_status":"closed","template":"","meta":{"inline_featured_image":false,"footnotes":""},"class_list":["post-111019","page","type-page","status-publish","hentry"],"yoast_head":"<!-- This site is optimized with the Yoast SEO plugin v27.3 - https:\/\/yoast.com\/product\/yoast-seo-wordpress\/ -->\n<title>Legal - Chateau La Sable<\/title>\n<meta name=\"description\" content=\"Domaine et vignoble situ\u00e9 en plein c\u0153ur du Luberon : d\u00e9couvrez nos vins, chambres d&#039;h\u00f4tes et le ch\u00e2teau autour d&#039;une bastide proven\u00e7ale du 18\u00e8me si\u00e8cle\" \/>\n<meta name=\"robots\" content=\"noindex, nofollow\" \/>\n<meta property=\"og:locale\" content=\"en_US\" \/>\n<meta property=\"og:type\" content=\"article\" \/>\n<meta property=\"og:title\" content=\"Legal - Chateau La Sable\" \/>\n<meta property=\"og:description\" content=\"Domaine et vignoble situ\u00e9 en plein c\u0153ur du Luberon : d\u00e9couvrez nos vins, chambres d&#039;h\u00f4tes et le ch\u00e2teau autour d&#039;une bastide proven\u00e7ale du 18\u00e8me si\u00e8cle\" \/>\n<meta property=\"og:url\" content=\"https:\/\/www.chateaulasable.com\/en\/legal\/\" \/>\n<meta property=\"og:site_name\" content=\"Chateau La Sable\" \/>\n<meta property=\"article:modified_time\" content=\"2022-08-02T15:56:48+00:00\" \/>\n<meta name=\"twitter:card\" content=\"summary_large_image\" \/>\n<meta name=\"twitter:label1\" content=\"Est. reading time\" \/>\n\t<meta name=\"twitter:data1\" content=\"1 minute\" \/>\n<script type=\"application\/ld+json\" class=\"yoast-schema-graph\">{\"@context\":\"https:\\\/\\\/schema.org\",\"@graph\":[{\"@type\":\"WebPage\",\"@id\":\"https:\\\/\\\/www.chateaulasable.com\\\/en\\\/legal\\\/\",\"url\":\"https:\\\/\\\/www.chateaulasable.com\\\/en\\\/legal\\\/\",\"name\":\"Legal - Chateau La Sable\",\"isPartOf\":{\"@id\":\"https:\\\/\\\/www.chateaulasable.com\\\/en\\\/#website\"},\"datePublished\":\"2019-02-25T21:20:19+00:00\",\"dateModified\":\"2022-08-02T15:56:48+00:00\",\"description\":\"Domaine et vignoble situ\u00e9 en plein c\u0153ur du Luberon : d\u00e9couvrez nos vins, chambres d'h\u00f4tes et le ch\u00e2teau autour d'une bastide proven\u00e7ale du 18\u00e8me si\u00e8cle\",\"breadcrumb\":{\"@id\":\"https:\\\/\\\/www.chateaulasable.com\\\/en\\\/legal\\\/#breadcrumb\"},\"inLanguage\":\"en-US\",\"potentialAction\":[{\"@type\":\"ReadAction\",\"target\":[\"https:\\\/\\\/www.chateaulasable.com\\\/en\\\/legal\\\/\"]}]},{\"@type\":\"BreadcrumbList\",\"@id\":\"https:\\\/\\\/www.chateaulasable.com\\\/en\\\/legal\\\/#breadcrumb\",\"itemListElement\":[{\"@type\":\"ListItem\",\"position\":1,\"name\":\"Accueil\",\"item\":\"https:\\\/\\\/www.chateaulasable.com\\\/en\\\/\"},{\"@type\":\"ListItem\",\"position\":2,\"name\":\"Legal\"}]},{\"@type\":\"WebSite\",\"@id\":\"https:\\\/\\\/www.chateaulasable.com\\\/en\\\/#website\",\"url\":\"https:\\\/\\\/www.chateaulasable.com\\\/en\\\/\",\"name\":\"Chateau La Sable\",\"description\":\"Domaine &amp; Vignoble dans le Luberon\",\"publisher\":{\"@id\":\"https:\\\/\\\/www.chateaulasable.com\\\/en\\\/#organization\"},\"potentialAction\":[{\"@type\":\"SearchAction\",\"target\":{\"@type\":\"EntryPoint\",\"urlTemplate\":\"https:\\\/\\\/www.chateaulasable.com\\\/en\\\/?s={search_term_string}\"},\"query-input\":{\"@type\":\"PropertyValueSpecification\",\"valueRequired\":true,\"valueName\":\"search_term_string\"}}],\"inLanguage\":\"en-US\"},{\"@type\":\"Organization\",\"@id\":\"https:\\\/\\\/www.chateaulasable.com\\\/en\\\/#organization\",\"name\":\"Ch\u00e2teau La Sable\",\"url\":\"https:\\\/\\\/www.chateaulasable.com\\\/en\\\/\",\"logo\":{\"@type\":\"ImageObject\",\"inLanguage\":\"en-US\",\"@id\":\"https:\\\/\\\/www.chateaulasable.com\\\/en\\\/#\\\/schema\\\/logo\\\/image\\\/\",\"url\":\"https:\\\/\\\/www.chateaulasable.com\\\/wp-content\\\/uploads\\\/2021\\\/11\\\/logo-chateau-la-sable.png\",\"contentUrl\":\"https:\\\/\\\/www.chateaulasable.com\\\/wp-content\\\/uploads\\\/2021\\\/11\\\/logo-chateau-la-sable.png\",\"width\":1697,\"height\":1252,\"caption\":\"Ch\u00e2teau La Sable\"},\"image\":{\"@id\":\"https:\\\/\\\/www.chateaulasable.com\\\/en\\\/#\\\/schema\\\/logo\\\/image\\\/\"}}]}<\/script>\n<!-- \/ Yoast SEO plugin. -->","yoast_head_json":{"title":"Legal - Chateau La Sable","description":"Domaine et vignoble situ\u00e9 en plein c\u0153ur du Luberon : d\u00e9couvrez nos vins, chambres d'h\u00f4tes et le ch\u00e2teau autour d'une bastide proven\u00e7ale du 18\u00e8me si\u00e8cle","robots":{"index":"noindex","follow":"nofollow"},"og_locale":"en_US","og_type":"article","og_title":"Legal - Chateau La Sable","og_description":"Domaine et vignoble situ\u00e9 en plein c\u0153ur du Luberon : d\u00e9couvrez nos vins, chambres d'h\u00f4tes et le ch\u00e2teau autour d'une bastide proven\u00e7ale du 18\u00e8me si\u00e8cle","og_url":"https:\/\/www.chateaulasable.com\/en\/legal\/","og_site_name":"Chateau La Sable","article_modified_time":"2022-08-02T15:56:48+00:00","twitter_card":"summary_large_image","twitter_misc":{"Est. reading time":"1 minute"},"schema":{"@context":"https:\/\/schema.org","@graph":[{"@type":"WebPage","@id":"https:\/\/www.chateaulasable.com\/en\/legal\/","url":"https:\/\/www.chateaulasable.com\/en\/legal\/","name":"Legal - Chateau La Sable","isPartOf":{"@id":"https:\/\/www.chateaulasable.com\/en\/#website"},"datePublished":"2019-02-25T21:20:19+00:00","dateModified":"2022-08-02T15:56:48+00:00","description":"Domaine et vignoble situ\u00e9 en plein c\u0153ur du Luberon : d\u00e9couvrez nos vins, chambres d'h\u00f4tes et le ch\u00e2teau autour d'une bastide proven\u00e7ale du 18\u00e8me si\u00e8cle","breadcrumb":{"@id":"https:\/\/www.chateaulasable.com\/en\/legal\/#breadcrumb"},"inLanguage":"en-US","potentialAction":[{"@type":"ReadAction","target":["https:\/\/www.chateaulasable.com\/en\/legal\/"]}]},{"@type":"BreadcrumbList","@id":"https:\/\/www.chateaulasable.com\/en\/legal\/#breadcrumb","itemListElement":[{"@type":"ListItem","position":1,"name":"Accueil","item":"https:\/\/www.chateaulasable.com\/en\/"},{"@type":"ListItem","position":2,"name":"Legal"}]},{"@type":"WebSite","@id":"https:\/\/www.chateaulasable.com\/en\/#website","url":"https:\/\/www.chateaulasable.com\/en\/","name":"Chateau La Sable","description":"Domaine &amp; Vignoble dans le Luberon","publisher":{"@id":"https:\/\/www.chateaulasable.com\/en\/#organization"},"potentialAction":[{"@type":"SearchAction","target":{"@type":"EntryPoint","urlTemplate":"https:\/\/www.chateaulasable.com\/en\/?s={search_term_string}"},"query-input":{"@type":"PropertyValueSpecification","valueRequired":true,"valueName":"search_term_string"}}],"inLanguage":"en-US"},{"@type":"Organization","@id":"https:\/\/www.chateaulasable.com\/en\/#organization","name":"Ch\u00e2teau La Sable","url":"https:\/\/www.chateaulasable.com\/en\/","logo":{"@type":"ImageObject","inLanguage":"en-US","@id":"https:\/\/www.chateaulasable.com\/en\/#\/schema\/logo\/image\/","url":"https:\/\/www.chateaulasable.com\/wp-content\/uploads\/2021\/11\/logo-chateau-la-sable.png","contentUrl":"https:\/\/www.chateaulasable.com\/wp-content\/uploads\/2021\/11\/logo-chateau-la-sable.png","width":1697,"height":1252,"caption":"Ch\u00e2teau La Sable"},"image":{"@id":"https:\/\/www.chateaulasable.com\/en\/#\/schema\/logo\/image\/"}}]}},"_links":{"self":[{"href":"https:\/\/www.chateaulasable.com\/en\/wp-json\/wp\/v2\/pages\/111019","targetHints":{"allow":["GET"]}}],"collection":[{"href":"https:\/\/www.chateaulasable.com\/en\/wp-json\/wp\/v2\/pages"}],"about":[{"href":"https:\/\/www.chateaulasable.com\/en\/wp-json\/wp\/v2\/types\/page"}],"author":[{"embeddable":true,"href":"https:\/\/www.chateaulasable.com\/en\/wp-json\/wp\/v2\/users\/1"}],"replies":[{"embeddable":true,"href":"https:\/\/www.chateaulasable.com\/en\/wp-json\/wp\/v2\/comments?post=111019"}],"version-history":[{"count":4,"href":"https:\/\/www.chateaulasable.com\/en\/wp-json\/wp\/v2\/pages\/111019\/revisions"}],"predecessor-version":[{"id":111023,"href":"https:\/\/www.chateaulasable.com\/en\/wp-json\/wp\/v2\/pages\/111019\/revisions\/111023"}],"wp:attachment":[{"href":"https:\/\/www.chateaulasable.com\/en\/wp-json\/wp\/v2\/media?parent=111019"}],"curies":[{"name":"wp","href":"https:\/\/api.w.org\/{rel}","templated":true}]}}