{"id":110811,"date":"2020-06-30T18:42:08","date_gmt":"2020-06-30T16:42:08","guid":{"rendered":"https:\/\/www.chateaulasable.com\/chateau-la-sable\/"},"modified":"2025-11-25T14:57:41","modified_gmt":"2025-11-25T13:57:41","slug":"chateau-la-sable","status":"publish","type":"page","link":"https:\/\/www.chateaulasable.com\/en\/","title":{"rendered":"Ch\u00e2teau La Sable"},"content":{"rendered":"<div class=\"wpb-content-wrapper\"><p>[vc_row row_height_percent=&#8221;0&#8243; override_padding=&#8221;yes&#8221; h_padding=&#8221;5&#8243; top_padding=&#8221;3&#8243; bottom_padding=&#8221;3&#8243; overlay_alpha=&#8221;50&#8243; gutter_size=&#8221;3&#8243; column_width_percent=&#8221;100&#8243; shift_y=&#8221;0&#8243; z_index=&#8221;0&#8243; uncode_shortcode_id=&#8221;618051&#8243;][vc_column column_width_percent=&#8221;100&#8243; align_horizontal=&#8221;align_center&#8221; gutter_size=&#8221;3&#8243; overlay_alpha=&#8221;50&#8243; shift_x=&#8221;0&#8243; shift_y=&#8221;0&#8243; shift_y_down=&#8221;0&#8243; z_index=&#8221;0&#8243; medium_width=&#8221;0&#8243; mobile_width=&#8221;0&#8243; uncode_shortcode_id=&#8221;189259&#8243;][vc_custom_heading text_color=&#8221;color-210407&#8243; text_font=&#8221;font-555555&#8243; separator_color=&#8221;yes&#8221; separator=&#8221;yes&#8221; uncode_shortcode_id=&#8221;959538&#8243; text_color_type=&#8221;uncode-palette&#8221;]Welcome to Ch\u00e2teau La Sable,<br \/>\norganic wine estate and B&amp;B in Luberon.[\/vc_custom_heading][vc_column_text uncode_shortcode_id=&#8221;196085&#8243; css=&#8221;.vc_custom_1764079025258{padding-right: 10% !important;padding-left: 10% !important;}&#8221;]Our family vineyard is located in the <strong>Luberon Natural Park<\/strong>, surrounding a bastide from the 18th century.<\/p>\n<p><strong>Ch\u00e2teau La Sable<\/strong> is located at the foot of the Luberon mountain, in the middle of a 14-hectare park that includes 10 hectares of vines, olive trees, pines, oaks and hundred-year-old plane trees.<\/p>\n<p>On the road between the villages of Lourmarin and Cucuron, <strong>the estate<\/strong> cultivates a total of 15 hectares of vines, which benefit from<strong> exceptional terroir and climate<\/strong>. The entire estate is <strong>certified organic<\/strong>.<\/p>\n<p>We are delighted to be able to revive Ch\u00e2teau La Sable, <strong>a family property steeped in history<\/strong>, which was one of the first wineries and heritage sites in the Luberon.[\/vc_column_text][vc_single_image media=&#8221;111338&#8243; media_width_percent=&#8221;20&#8243; alignment=&#8221;center&#8221; uncode_shortcode_id=&#8221;127111&#8243;][vc_column_text uncode_shortcode_id=&#8221;482547&#8243;]<\/p>\n<p style=\"text-align: center;\">The <a href=\"https:\/\/www.vins-rhone.com\/actualites\/blog\/rendez-vous-terroirs-votre-passeport-pour-loenotourisme-dans-les-vignobles-de-la\">Rendez-Vous Terroirs<\/a> approach guarantees the best reception and tasting conditions for visitors. Extend your wine tourism experience by visiting the vineyards of the Rhone Valley.<\/p>\n<p>[\/vc_column_text][\/vc_column][\/vc_row][vc_row unlock_row_content=&#8221;yes&#8221; row_height_percent=&#8221;0&#8243; override_padding=&#8221;yes&#8221; h_padding=&#8221;0&#8243; top_padding=&#8221;0&#8243; bottom_padding=&#8221;0&#8243; back_color=&#8221;color-jevc&#8221; overlay_alpha=&#8221;50&#8243; equal_height=&#8221;yes&#8221; gutter_size=&#8221;0&#8243; column_width_percent=&#8221;100&#8243; shift_y=&#8221;0&#8243; z_index=&#8221;0&#8243; uncode_shortcode_id=&#8221;326909&#8243; back_color_type=&#8221;uncode-palette&#8221;][vc_column column_width_percent=&#8221;&#8221; align_horizontal=&#8221;align_center&#8221; gutter_size=&#8221;3&#8243; override_padding=&#8221;yes&#8221; column_padding=&#8221;0&#8243; overlay_alpha=&#8221;&#8221; shift_x=&#8221;&#8221; shift_y=&#8221;&#8221; shift_y_down=&#8221;&#8221; z_index=&#8221;&#8221; medium_width=&#8221;&#8221; mobile_width=&#8221;&#8221; width=&#8221;1\/3&#8243; uncode_shortcode_id=&#8221;112613&#8243; back_color_type=&#8221;uncode-solid&#8221; back_color_solid=&#8221;#c2d3de&#8221;][vc_single_image media=&#8221;110953&#8243; media_width_percent=&#8221;100&#8243; advanced=&#8221;yes&#8221; media_overlay_opacity=&#8221;30&#8243; media_padding=&#8221;2&#8243; uncode_shortcode_id=&#8221;108313&#8243; media_link=&#8221;url:https%3A%2F%2Fwww.chateaulasable.com%2Fen%2Fthe-estate%2F|title:The%20Estate&#8221;][vc_row_inner limit_content=&#8221;&#8221;][vc_column_inner column_width_percent=&#8221;100&#8243; position_vertical=&#8221;middle&#8221; align_horizontal=&#8221;align_center&#8221; gutter_size=&#8221;3&#8243; override_padding=&#8221;yes&#8221; column_padding=&#8221;2&#8243; overlay_alpha=&#8221;50&#8243; shift_x=&#8221;0&#8243; shift_y=&#8221;0&#8243; shift_y_down=&#8221;0&#8243; z_index=&#8221;0&#8243; medium_width=&#8221;0&#8243; mobile_width=&#8221;0&#8243; width=&#8221;1\/1&#8243; uncode_shortcode_id=&#8221;375326&#8243; link_to=&#8221;url:https%3A%2F%2Fwww.chateaulasable.com%2Fen%2Fthe-estate%2F|title:The%20Estate&#8221; css=&#8221;.vc_custom_1659448251553{padding-top: 0px !important;}&#8221;][vc_custom_heading text_color=&#8221;color-xsdn&#8221; heading_semantic=&#8221;h3&#8243; text_size=&#8221;h4&#8243; text_transform=&#8221;uppercase&#8221; uncode_shortcode_id=&#8221;160016&#8243; text_color_type=&#8221;uncode-palette&#8221;]THE ESTATE[\/vc_custom_heading][vc_column_text text_color=&#8221;color-xsdn&#8221; uncode_shortcode_id=&#8221;486357&#8243; text_color_type=&#8221;uncode-palette&#8221; css=&#8221;.vc_custom_1659387809724{margin-top: 10px !important;}&#8221;]<span class=\"font-555555 font-106275\">At the heart of Luberon in Provence, one of the most beautiful wine areas of France, discover our estate.<\/span>[\/vc_column_text][\/vc_column_inner][\/vc_row_inner][\/vc_column][vc_column column_width_percent=&#8221;100&#8243; align_horizontal=&#8221;align_center&#8221; gutter_size=&#8221;3&#8243; override_padding=&#8221;yes&#8221; column_padding=&#8221;0&#8243; overlay_alpha=&#8221;50&#8243; shift_x=&#8221;0&#8243; shift_y=&#8221;0&#8243; shift_y_down=&#8221;0&#8243; z_index=&#8221;0&#8243; medium_width=&#8221;0&#8243; mobile_width=&#8221;0&#8243; width=&#8221;1\/3&#8243; uncode_shortcode_id=&#8221;671588&#8243; back_color_type=&#8221;uncode-solid&#8221; back_color_solid=&#8221;#bb9880&#8243;][vc_single_image media=&#8221;110951&#8243; media_width_percent=&#8221;100&#8243; advanced=&#8221;yes&#8221; media_overlay_opacity=&#8221;30&#8243; media_padding=&#8221;2&#8243; uncode_shortcode_id=&#8221;194045&#8243; media_link=&#8221;url:https%3A%2F%2Fwww.chateaulasable.com%2Fen%2Four-wines-aop-luberon%2F|title:Our%20wines&#8221;][vc_row_inner limit_content=&#8221;&#8221;][vc_column_inner column_width_percent=&#8221;100&#8243; position_vertical=&#8221;middle&#8221; align_horizontal=&#8221;align_center&#8221; gutter_size=&#8221;3&#8243; override_padding=&#8221;yes&#8221; column_padding=&#8221;2&#8243; overlay_alpha=&#8221;50&#8243; shift_x=&#8221;0&#8243; shift_y=&#8221;0&#8243; shift_y_down=&#8221;0&#8243; z_index=&#8221;0&#8243; medium_width=&#8221;0&#8243; mobile_width=&#8221;0&#8243; width=&#8221;1\/1&#8243; uncode_shortcode_id=&#8221;250034&#8243; link_to=&#8221;url:https%3A%2F%2Fwww.chateaulasable.com%2Fen%2Four-wines-aop-luberon%2F|title:Our%20wines&#8221; css=&#8221;.vc_custom_1659448271161{padding-top: 0px !important;}&#8221;][vc_custom_heading text_color=&#8221;color-xsdn&#8221; heading_semantic=&#8221;h3&#8243; text_size=&#8221;h4&#8243; text_transform=&#8221;uppercase&#8221; uncode_shortcode_id=&#8221;158416&#8243; text_color_type=&#8221;uncode-palette&#8221;]WINES[\/vc_custom_heading][vc_column_text text_color=&#8221;color-xsdn&#8221; uncode_shortcode_id=&#8221;506122&#8243; css=&#8221;.vc_custom_1659387841966{margin-top: 10px !important;}&#8221; text_color_type=&#8221;uncode-palette&#8221;]The best grape varieties from the Rh\u00f4ne Valley are used for their aromatic qualities and give unique wines.[\/vc_column_text][\/vc_column_inner][\/vc_row_inner][\/vc_column][vc_column column_width_percent=&#8221;100&#8243; align_horizontal=&#8221;align_center&#8221; gutter_size=&#8221;3&#8243; override_padding=&#8221;yes&#8221; column_padding=&#8221;0&#8243; overlay_alpha=&#8221;50&#8243; shift_x=&#8221;0&#8243; shift_y=&#8221;0&#8243; shift_y_down=&#8221;0&#8243; z_index=&#8221;0&#8243; medium_width=&#8221;0&#8243; mobile_width=&#8221;0&#8243; width=&#8221;1\/3&#8243; uncode_shortcode_id=&#8221;468412&#8243; back_color_type=&#8221;uncode-solid&#8221; back_color_solid=&#8221;#7f8775&#8243;][vc_single_image media=&#8221;110949&#8243; media_width_percent=&#8221;100&#8243; advanced=&#8221;yes&#8221; media_overlay_opacity=&#8221;30&#8243; media_padding=&#8221;2&#8243; uncode_shortcode_id=&#8221;115282&#8243; media_link=&#8221;url:https%3A%2F%2Fwww.chateaulasable.com%2Fen%2Fbed-breakfast-luberon%2F|title:Guest%20Bedroom&#8221;][vc_row_inner limit_content=&#8221;&#8221;][vc_column_inner column_width_percent=&#8221;100&#8243; position_vertical=&#8221;middle&#8221; align_horizontal=&#8221;align_center&#8221; gutter_size=&#8221;3&#8243; override_padding=&#8221;yes&#8221; column_padding=&#8221;2&#8243; overlay_alpha=&#8221;50&#8243; shift_x=&#8221;0&#8243; shift_y=&#8221;0&#8243; shift_y_down=&#8221;0&#8243; z_index=&#8221;0&#8243; medium_width=&#8221;0&#8243; mobile_width=&#8221;0&#8243; width=&#8221;1\/1&#8243; uncode_shortcode_id=&#8221;558643&#8243; link_to=&#8221;url:https%3A%2F%2Fwww.chateaulasable.com%2Fen%2Fbed-breakfast-luberon%2F|title:Guest%20Bedroom&#8221; css=&#8221;.vc_custom_1659448365609{padding-top: 0px !important;}&#8221;][vc_custom_heading text_color=&#8221;color-xsdn&#8221; heading_semantic=&#8221;h3&#8243; text_size=&#8221;h4&#8243; text_transform=&#8221;uppercase&#8221; uncode_shortcode_id=&#8221;142235&#8243; text_color_type=&#8221;uncode-palette&#8221;]GUEST BEDROOM[\/vc_custom_heading][vc_column_text text_color=&#8221;color-xsdn&#8221; uncode_shortcode_id=&#8221;175467&#8243; css=&#8221;.vc_custom_1659448351532{margin-top: 10px !important;}&#8221; text_color_type=&#8221;uncode-palette&#8221;]Guest bedrooms full of charm, simplicity and authenticity.<br \/>\nSpend a quality time at the heart of the Luberon to visit Provence.[\/vc_column_text][\/vc_column_inner][\/vc_row_inner][\/vc_column][\/vc_row][vc_row][vc_column column_width_percent=&#8221;100&#8243; align_horizontal=&#8221;align_center&#8221; gutter_size=&#8221;3&#8243; overlay_alpha=&#8221;50&#8243; shift_x=&#8221;0&#8243; shift_y=&#8221;0&#8243; shift_y_down=&#8221;0&#8243; z_index=&#8221;0&#8243; medium_width=&#8221;0&#8243; mobile_width=&#8221;0&#8243; width=&#8221;1\/1&#8243; uncode_shortcode_id=&#8221;221772&#8243;][vc_icon icon=&#8221;fa fa-map3&#8243; icon_color=&#8221;color-210407&#8243; size=&#8221;fa-4x&#8221; text_size=&#8221;h2&#8243; text_lead=&#8221;yes&#8221; text_reduced=&#8221;yes&#8221; uncode_shortcode_id=&#8221;362204&#8243; icon_color_type=&#8221;uncode-palette&#8221; title=&#8221;Ch\u00e2teau La Sable&#8221; link_text=&#8221;contact@chateaulasable.com&#8221;]2944 A Route de Lourmarin<br \/>\n84160 Cucuron &#8211; France<br \/>\n+ 33 (0)6 95 25 79 98<\/p>\n<p>contact@chateaulasable.com[\/vc_icon][vc_single_image media=&#8221;111331&#8243; media_width_percent=&#8221;25&#8243; alignment=&#8221;center&#8221; uncode_shortcode_id=&#8221;714157&#8243;][\/vc_column][\/vc_row][vc_row unlock_row_content=&#8221;yes&#8221; row_height_percent=&#8221;0&#8243; override_padding=&#8221;yes&#8221; h_padding=&#8221;0&#8243; top_padding=&#8221;0&#8243; bottom_padding=&#8221;0&#8243; overlay_alpha=&#8221;50&#8243; gutter_size=&#8221;3&#8243; column_width_percent=&#8221;100&#8243; shift_y=&#8221;0&#8243; z_index=&#8221;0&#8243; uncode_shortcode_id=&#8221;185569&#8243;][vc_column width=&#8221;1\/1&#8243;][vc_single_image media=&#8221;110787&#8243; media_width_percent=&#8221;100&#8243; uncode_shortcode_id=&#8221;593797&#8243;][\/vc_column][\/vc_row][vc_row row_height_percent=&#8221;0&#8243; override_padding=&#8221;yes&#8221; h_padding=&#8221;2&#8243; top_padding=&#8221;2&#8243; bottom_padding=&#8221;2&#8243; back_color=&#8221;color-172254&#8243; overlay_alpha=&#8221;50&#8243; gutter_size=&#8221;3&#8243; column_width_percent=&#8221;100&#8243; shift_y=&#8221;0&#8243; z_index=&#8221;0&#8243; uncode_shortcode_id=&#8221;156573&#8243; back_color_type=&#8221;uncode-palette&#8221;][vc_column column_width_percent=&#8221;100&#8243; align_horizontal=&#8221;align_center&#8221; gutter_size=&#8221;3&#8243; overlay_alpha=&#8221;50&#8243; shift_x=&#8221;0&#8243; shift_y=&#8221;0&#8243; shift_y_down=&#8221;0&#8243; z_index=&#8221;0&#8243; medium_width=&#8221;0&#8243; mobile_width=&#8221;0&#8243; width=&#8221;1\/1&#8243; uncode_shortcode_id=&#8221;213429&#8243;][vc_custom_heading text_color=&#8221;color-210407&#8243; heading_semantic=&#8221;h4&#8243; text_font=&#8221;font-106275&#8243; text_size=&#8221;h5&#8243; text_weight=&#8221;500&#8243; text_height=&#8221;fontheight-942335&#8243; uncode_shortcode_id=&#8221;955739&#8243; text_color_type=&#8221;uncode-palette&#8221;]<strong>Delivery available for Metropolitan France only.<\/strong><br \/>\nOur wines are also available in Denmark and Switzerland. For orders, please contact us.<br \/>\nFor the United Kingdom, please order Chateau La Sable wines <span style=\"color: #ff9900;\"><strong> <a style=\"color: #ff9900;\" href=\"https:\/\/www.wineaffairs.co.uk\/producer\/chateau-la-sable\/\" target=\"_blank\" rel=\"noopener\">here<\/a><\/strong><\/span><br \/>\nF\u00fcr Deutschland k\u00f6nnen<span style=\"color: #ff9900;\"><strong> <a style=\"color: #ff9900;\" href=\"https:\/\/provence-wein.com\/weingueter\/chateau-la-sable\/\" target=\"_blank\" rel=\"noopener\">Sie hier bestellen<\/a><\/strong><\/span>[\/vc_custom_heading][vc_custom_heading text_color=&#8221;color-210407&#8243; heading_semantic=&#8221;h4&#8243; text_font=&#8221;font-106275&#8243; text_size=&#8221;h5&#8243; text_weight=&#8221;500&#8243; text_height=&#8221;fontheight-942335&#8243; uncode_shortcode_id=&#8221;373952&#8243; text_color_type=&#8221;uncode-palette&#8221;]For all other countries, please ask us for a shipping quote.[\/vc_custom_heading][\/vc_column][\/vc_row]<\/p>\n<\/div>","protected":false},"excerpt":{"rendered":"<p>[vc_row row_height_percent=&#8221;0&#8243; override_padding=&#8221;yes&#8221; h_padding=&#8221;5&#8243; top_padding=&#8221;3&#8243; bottom_padding=&#8221;3&#8243; overlay_alpha=&#8221;50&#8243; gutter_size=&#8221;3&#8243; column_width_percent=&#8221;100&#8243; shift_y=&#8221;0&#8243; z_index=&#8221;0&#8243; uncode_shortcode_id=&#8221;618051&#8243;][vc_column column_width_percent=&#8221;100&#8243; align_horizontal=&#8221;align_center&#8221; gutter_size=&#8221;3&#8243; overlay_alpha=&#8221;50&#8243; shift_x=&#8221;0&#8243; shift_y=&#8221;0&#8243; shift_y_down=&#8221;0&#8243; z_index=&#8221;0&#8243; [&hellip;]<\/p>\n","protected":false},"author":1,"featured_media":0,"parent":0,"menu_order":0,"comment_status":"closed","ping_status":"closed","template":"","meta":{"inline_featured_image":false,"footnotes":""},"class_list":["post-110811","page","type-page","status-publish","hentry"],"yoast_head":"<!-- This site is optimized with the Yoast SEO plugin v27.2 - https:\/\/yoast.com\/product\/yoast-seo-wordpress\/ -->\n<title>Chateau La Sable - Wine Estate and B&amp;B in Luberon Provence France<\/title>\n<meta name=\"description\" content=\"Our family vineyard is located in Provence, in the Luberon Natural Park, surrounding a bastide from the 18th century.\" \/>\n<meta name=\"robots\" content=\"index, follow, max-snippet:-1, max-image-preview:large, max-video-preview:-1\" \/>\n<link rel=\"canonical\" href=\"https:\/\/www.chateaulasable.com\/en\/\" \/>\n<meta property=\"og:locale\" content=\"en_US\" \/>\n<meta property=\"og:type\" content=\"article\" \/>\n<meta property=\"og:title\" content=\"Ch\u00e2teau La Sable - domaine viticole en plein coeur du Luberon en Provence\" \/>\n<meta property=\"og:description\" content=\"D\u00e9couvrez nos vins, et chambres d&#039;h\u00f4tes autour d&#039;une bastide proven\u00e7ale du 18\u00e8me si\u00e8cle.\" \/>\n<meta property=\"og:url\" content=\"https:\/\/www.chateaulasable.com\/en\/\" \/>\n<meta property=\"og:site_name\" content=\"Chateau La Sable\" \/>\n<meta property=\"article:modified_time\" content=\"2025-11-25T13:57:41+00:00\" \/>\n<meta name=\"twitter:card\" content=\"summary_large_image\" \/>\n<meta name=\"twitter:label1\" content=\"Est. reading time\" \/>\n\t<meta name=\"twitter:data1\" content=\"3 minutes\" \/>\n<script type=\"application\/ld+json\" class=\"yoast-schema-graph\">{\"@context\":\"https:\/\/schema.org\",\"@graph\":[{\"@type\":\"WebPage\",\"@id\":\"https:\/\/www.chateaulasable.com\/en\/\",\"url\":\"https:\/\/www.chateaulasable.com\/en\/\",\"name\":\"Chateau La Sable - Wine Estate and B&B in Luberon Provence France\",\"isPartOf\":{\"@id\":\"https:\/\/www.chateaulasable.com\/en\/#website\"},\"datePublished\":\"2020-06-30T16:42:08+00:00\",\"dateModified\":\"2025-11-25T13:57:41+00:00\",\"description\":\"Our family vineyard is located in Provence, in the Luberon Natural Park, surrounding a bastide from the 18th century.\",\"breadcrumb\":{\"@id\":\"https:\/\/www.chateaulasable.com\/en\/#breadcrumb\"},\"inLanguage\":\"en-US\",\"potentialAction\":[{\"@type\":\"ReadAction\",\"target\":[\"https:\/\/www.chateaulasable.com\/en\/\"]}]},{\"@type\":\"BreadcrumbList\",\"@id\":\"https:\/\/www.chateaulasable.com\/en\/#breadcrumb\",\"itemListElement\":[{\"@type\":\"ListItem\",\"position\":1,\"name\":\"Accueil\",\"item\":\"https:\/\/www.chateaulasable.com\/en\/\"},{\"@type\":\"ListItem\",\"position\":2,\"name\":\"Ch\u00e2teau La Sable\"}]},{\"@type\":\"WebSite\",\"@id\":\"https:\/\/www.chateaulasable.com\/en\/#website\",\"url\":\"https:\/\/www.chateaulasable.com\/en\/\",\"name\":\"Chateau La Sable\",\"description\":\"Domaine &amp; Vignoble dans le Luberon\",\"publisher\":{\"@id\":\"https:\/\/www.chateaulasable.com\/en\/#organization\"},\"potentialAction\":[{\"@type\":\"SearchAction\",\"target\":{\"@type\":\"EntryPoint\",\"urlTemplate\":\"https:\/\/www.chateaulasable.com\/en\/?s={search_term_string}\"},\"query-input\":{\"@type\":\"PropertyValueSpecification\",\"valueRequired\":true,\"valueName\":\"search_term_string\"}}],\"inLanguage\":\"en-US\"},{\"@type\":\"Organization\",\"@id\":\"https:\/\/www.chateaulasable.com\/en\/#organization\",\"name\":\"Ch\u00e2teau La Sable\",\"url\":\"https:\/\/www.chateaulasable.com\/en\/\",\"logo\":{\"@type\":\"ImageObject\",\"inLanguage\":\"en-US\",\"@id\":\"https:\/\/www.chateaulasable.com\/en\/#\/schema\/logo\/image\/\",\"url\":\"https:\/\/www.chateaulasable.com\/wp-content\/uploads\/2021\/11\/logo-chateau-la-sable.png\",\"contentUrl\":\"https:\/\/www.chateaulasable.com\/wp-content\/uploads\/2021\/11\/logo-chateau-la-sable.png\",\"width\":1697,\"height\":1252,\"caption\":\"Ch\u00e2teau La Sable\"},\"image\":{\"@id\":\"https:\/\/www.chateaulasable.com\/en\/#\/schema\/logo\/image\/\"}}]}<\/script>\n<!-- \/ Yoast SEO plugin. -->","yoast_head_json":{"title":"Chateau La Sable - Wine Estate and B&B in Luberon Provence France","description":"Our family vineyard is located in Provence, in the Luberon Natural Park, surrounding a bastide from the 18th century.","robots":{"index":"index","follow":"follow","max-snippet":"max-snippet:-1","max-image-preview":"max-image-preview:large","max-video-preview":"max-video-preview:-1"},"canonical":"https:\/\/www.chateaulasable.com\/en\/","og_locale":"en_US","og_type":"article","og_title":"Ch\u00e2teau La Sable - domaine viticole en plein coeur du Luberon en Provence","og_description":"D\u00e9couvrez nos vins, et chambres d'h\u00f4tes autour d'une bastide proven\u00e7ale du 18\u00e8me si\u00e8cle.","og_url":"https:\/\/www.chateaulasable.com\/en\/","og_site_name":"Chateau La Sable","article_modified_time":"2025-11-25T13:57:41+00:00","twitter_card":"summary_large_image","twitter_misc":{"Est. reading time":"3 minutes"},"schema":{"@context":"https:\/\/schema.org","@graph":[{"@type":"WebPage","@id":"https:\/\/www.chateaulasable.com\/en\/","url":"https:\/\/www.chateaulasable.com\/en\/","name":"Chateau La Sable - Wine Estate and B&B in Luberon Provence France","isPartOf":{"@id":"https:\/\/www.chateaulasable.com\/en\/#website"},"datePublished":"2020-06-30T16:42:08+00:00","dateModified":"2025-11-25T13:57:41+00:00","description":"Our family vineyard is located in Provence, in the Luberon Natural Park, surrounding a bastide from the 18th century.","breadcrumb":{"@id":"https:\/\/www.chateaulasable.com\/en\/#breadcrumb"},"inLanguage":"en-US","potentialAction":[{"@type":"ReadAction","target":["https:\/\/www.chateaulasable.com\/en\/"]}]},{"@type":"BreadcrumbList","@id":"https:\/\/www.chateaulasable.com\/en\/#breadcrumb","itemListElement":[{"@type":"ListItem","position":1,"name":"Accueil","item":"https:\/\/www.chateaulasable.com\/en\/"},{"@type":"ListItem","position":2,"name":"Ch\u00e2teau La Sable"}]},{"@type":"WebSite","@id":"https:\/\/www.chateaulasable.com\/en\/#website","url":"https:\/\/www.chateaulasable.com\/en\/","name":"Chateau La Sable","description":"Domaine &amp; Vignoble dans le Luberon","publisher":{"@id":"https:\/\/www.chateaulasable.com\/en\/#organization"},"potentialAction":[{"@type":"SearchAction","target":{"@type":"EntryPoint","urlTemplate":"https:\/\/www.chateaulasable.com\/en\/?s={search_term_string}"},"query-input":{"@type":"PropertyValueSpecification","valueRequired":true,"valueName":"search_term_string"}}],"inLanguage":"en-US"},{"@type":"Organization","@id":"https:\/\/www.chateaulasable.com\/en\/#organization","name":"Ch\u00e2teau La Sable","url":"https:\/\/www.chateaulasable.com\/en\/","logo":{"@type":"ImageObject","inLanguage":"en-US","@id":"https:\/\/www.chateaulasable.com\/en\/#\/schema\/logo\/image\/","url":"https:\/\/www.chateaulasable.com\/wp-content\/uploads\/2021\/11\/logo-chateau-la-sable.png","contentUrl":"https:\/\/www.chateaulasable.com\/wp-content\/uploads\/2021\/11\/logo-chateau-la-sable.png","width":1697,"height":1252,"caption":"Ch\u00e2teau La Sable"},"image":{"@id":"https:\/\/www.chateaulasable.com\/en\/#\/schema\/logo\/image\/"}}]}},"_links":{"self":[{"href":"https:\/\/www.chateaulasable.com\/en\/wp-json\/wp\/v2\/pages\/110811","targetHints":{"allow":["GET"]}}],"collection":[{"href":"https:\/\/www.chateaulasable.com\/en\/wp-json\/wp\/v2\/pages"}],"about":[{"href":"https:\/\/www.chateaulasable.com\/en\/wp-json\/wp\/v2\/types\/page"}],"author":[{"embeddable":true,"href":"https:\/\/www.chateaulasable.com\/en\/wp-json\/wp\/v2\/users\/1"}],"replies":[{"embeddable":true,"href":"https:\/\/www.chateaulasable.com\/en\/wp-json\/wp\/v2\/comments?post=110811"}],"version-history":[{"count":32,"href":"https:\/\/www.chateaulasable.com\/en\/wp-json\/wp\/v2\/pages\/110811\/revisions"}],"predecessor-version":[{"id":112453,"href":"https:\/\/www.chateaulasable.com\/en\/wp-json\/wp\/v2\/pages\/110811\/revisions\/112453"}],"wp:attachment":[{"href":"https:\/\/www.chateaulasable.com\/en\/wp-json\/wp\/v2\/media?parent=110811"}],"curies":[{"name":"wp","href":"https:\/\/api.w.org\/{rel}","templated":true}]}}